{"id":1002,"date":"2025-02-14T15:36:54","date_gmt":"2025-02-14T14:36:54","guid":{"rendered":"http:\/\/delphinelermite.com\/?page_id=1002"},"modified":"2025-02-15T12:35:40","modified_gmt":"2025-02-15T11:35:40","slug":"cartes-postales","status":"publish","type":"page","link":"http:\/\/delphinelermite.com\/?page_id=1002","title":{"rendered":"Cartes postales"},"content":{"rendered":"\n<p><a href=\"http:\/\/delphinelermite.com\/?page_id=10\" data-type=\"page\" data-id=\"2\">\u00c9ditions<\/a><\/p>\n\n\n<div dir=\"auto\">16 d\u00e9pliants de cartes postales, 2005<br \/>ferm\u00e9 : 10 x 15 cm<br \/>ouvert : 392 x 15 cm<br \/><br \/>Fruit d&rsquo;une d\u00e9ambulation \u00ab\u00a0\u00e0 l&rsquo;horizontale\u00a0\u00bb, en suivant strate par strate la ligne panoramique de la c\u00f4te alexandrine, ce travail poursuit la r\u00e9flexion autour du paysage, du point de vue et du cadrage. Comment voir sans chercher le \u00ab\u00a0remarquable\u00a0\u00bb ? Comment laisser les lieux devenir images sans tomber dans l&rsquo;exotisme et le pittoresque du guide de voyage ?\u00a0 <br \/><br \/>Cette fa\u00e7on particuli\u00e8re de montrer les images, en usant des codes du tourisme ordinaire, permet de les confronter \u00e0 un usage particulier de la photographie de paysage et explorer ainsi la polys\u00e9mie de l&rsquo;image photographique.<\/div>\n<div dir=\"auto\">\u00a0<\/div>\n<div class=\"xdj266r x11i5rnm xat24cr x1mh8g0r x1vvkbs x126k92a\">\n<div dir=\"auto\">\t<!-- CSS Part Start From Here-->\r\n\t<style>\r\n\t\t\r\n\t\t.portfolio-wraper {\r\n\t\t\t\t\t\tmargin-bottom:20px;\r\n\t\t}\r\n\t\t.pfg-bootstrap .img-fluid {\r\n\t\t  max-width: 100%;\r\n\t\t  height: auto;\r\n\t\t}\r\n\r\n\t\t.pfg-bootstrap .img-thumbnail {\r\n\t\t  padding: 0.25rem;\r\n\t\t  background-color: #fff;\r\n\r\n\t\t  \t\t  border: 1px solid #dee2e6;\r\n\t\t  border-radius: 0.25rem;\r\n\t\t  \t\t  max-width: 100%;\r\n\t\t  height: auto;\r\n\t\t}\r\n\t\t.pfg-bootstrap .img-circle {\r\n\t\t  border-radius: 50%;\r\n\t\t}\r\n\t\t.pfg-bootstrap img {\r\n\t\t -moz-transition: all .2s ease-in-out;\r\n\t\t  -webkit-transition: all .2s ease-in-out;\r\n\t\t  -ms-transition: all .2s ease-in-out;\r\n\t\t  -o-transition: all .2s ease-in-out;\r\n\t\t  transition: all .2s ease-in-out;\r\n\t\t}\r\n\t\t.pfg-bootstrap .thumbnail {\r\n\t\t  display: block;\r\n\t\t  padding: 4px;\r\n\t\t  \/*margin-bottom: 20px;*\/\r\n\t\t  line-height: 1.42857143;\r\n\t\t  background-color: #fff;\r\n\t\t  border: 1px solid #ddd;\r\n\t\t  border-radius: 4px;\r\n\t\t  -webkit-transition: border .2s ease-in-out;\r\n\t\t\t   -o-transition: border .2s ease-in-out;\r\n\t\t\t\t  transition: border .2s ease-in-out;\r\n\t\t}\r\n\t\t.pfg-bootstrap .thumbnail > img,\r\n\t\t.pfg-bootstrap .thumbnail a > img {\r\n\t\t  margin-right: auto;\r\n\t\t  margin-left: auto;\r\n\t\t}\r\n\t\t.pfg-bootstrap a.thumbnail:hover,\r\n\t\t.pfg-bootstrap a.thumbnail:focus,\r\n\t\t.pfg-bootstrap a.thumbnail.active {\r\n\t\t  border-color: #337ab7;\r\n\t\t}\r\n\t\t.pfg-bootstrap .thumbnail .caption {\r\n\t\t  padding: 9px;\r\n\t\t  color: #333;\r\n\t\t}\r\n\r\n\t\tfigure {\r\n\t\t  margin: 0;\r\n\t\t}\r\n\t\timg {\r\n\t\t  vertical-align: middle;\r\n\t\t}\r\n\t\t.pfg-bootstrap .img-responsive,\r\n\t\t.pfg-bootstrap .thumbnail > img,\r\n\t\t.pfg-bootstrap .thumbnail a > img,\r\n\t\t.pfg-bootstrap .carousel-inner > .item > img,\r\n\t\t.pfg-bootstrap .carousel-inner > .item > a > img {\r\n\t\t  display: block;\r\n\t\t  max-width: 100%;\r\n\t\t  height: auto;\r\n\t\t}\r\n\t\t.pfg-bootstrap .img-rounded {\r\n\t\t  border-radius: 6px;\r\n\t\t}\r\n\t\t\r\n\t\t\t\t\tspan.item_desc_1629{\r\n\t\t\t\tdisplay:none !important;\r\n\t\t\t}\r\n\t\t\t\tli#all {\r\n\t\t\tmargin: 0;\r\n\t\t}\r\n\t\t\r\n\t\t.simplefilter li {\r\n\t\t\tmargin-top: 5px;\r\n\t\t}\r\n\t\t\r\n\t\t.filtr-search {\r\n\t\t\tmargin-top:10px !important;\r\n\t\t\twidth:200px !important;\r\n\t\t\tmargin-bottom: 20px;\r\n\t\t}\r\n\t\t#all-simplefilter {\r\n\t\t\tdisplay:inline;\r\n\t\t\tpadding-left: 0px !important;\r\n\t\t}\r\n\t\t#f-simplefilter-1629 {\r\n\t\t\tdisplay:inline;\r\n\t\t\tpadding-left: 0px !important;\r\n\t\t}\r\n\t\tbutton:hover {\r\n\t\t\tbackground-color: unset !important;\r\n\t\t}\r\n\t\t\r\n\t\t\t\t\r\n\t\t@keyframes .YouTubePopUp-Content  {\r\n\t\t\tfrom {\r\n\t\t\t\ttransform: translate3d(0, 100%, 0);\r\n\t\t\t\tvisibility: visible;\r\n\t\t\t}\r\n\r\n\t\t\tto {\r\n\t\t\t\ttransform: translate3d(0, 0, 0);\r\n\t\t\t}\r\n\t\t}\r\n\r\n\t\t.YouTubePopUp-Content  {\r\n\t\t\tanimation-name: .YouTubePopUp-Content ;\r\n\t\t}\r\n\r\n\t\t.YouTubePopUp-Close { \r\n\t\t\tbackground:url(http:\/\/delphinelermite.com\/wp-content\/plugins\/portfolio-filter-gallery\/\/img\/close-icon-white.png) no-repeat;\r\n\t\t\tbackground-size:50px 50px;\r\n\t\t\t-webkit-background-size:70px 50px;\r\n\t\t\t-moz-background-size:70px 50px;\r\n\t\t\t-o-background-size:70px 50px;\r\n\t\t}\r\n\t\tul.simplefilter {\r\n\t\t\tmargin-left: 0 !important;\r\n\t\t}\r\n\t\t.pfg_img_1629 {\r\n\t\t\twidth: 100% !important;\r\n\t\t\theight: 100% !important;\r\n\t\t}\r\n\t\t.filter_gallery_1629 > a {\r\n\t\t\tposition: initial !important;\r\n\t\t}\r\n\t\t.thumbnail_1629 {\r\n\t\t\twidth:100% !important;\r\n\t\t\theight:auto;\r\n\t\t\tmargin-bottom: 0px !important;\r\n\t\t\t\r\n\t\t}\r\n\t\t.filtr-item {\r\n\t\t\tpadding-right:7px !important;\r\n\t\t\tpadding-left:7px !important;\r\n\t\t\tpadding-top:7px !important;\r\n\t\t\tpadding-bottom:7px !important;\r\n\t\t}\r\n\t\t.filtr-item img {\r\n\t\t\ttransition: all .2s !important\r\n\t\t}\r\n\t\t\t\t\t\t.simplefilter_1629 li {\r\n\t\t\tbackground-color: #ccc;\r\n\t\t\tcolor: #ffffff;\r\n\t\t}\r\n\t\t\r\n\t\t.simplefilter_1629 li:hover {\r\n\t\t\tbackground-color: #656565 !important;\r\n\t\t}\r\n\t\t\r\n\t\t.simplefilter_1629 li.active {\r\n\t\t\tbackground-color: #656565 !important;\r\n\t\t}\r\n\t\t\r\n\t\t\t<\/style>\r\n\t\t<div class=\"portfolio-wraper pfg-bootstrap\" version=\"1.7.0\">\r\n\t\t\t\t<!-- Shuffle & Sort Controls -->\r\n\t\t\t\t\r\n\t\t<div class=\"row loading-wrapper text-center\">\r\n\t\t\t<img decoding=\"async\" src=\"http:\/\/delphinelermite.com\/wp-content\/plugins\/portfolio-filter-gallery\/\/img\/loading-icon.gif\" width=\"60\">\r\n\t\t<\/div>\r\n\t\t<div class=\"filter_gallery_1629 row filtr-container filters-div\" style=\"opacity:0; display:none;\">\r\n\t\t\t\t\t\t\t\t<a href=\"http:\/\/delphinelermite.com\/wp-content\/uploads\/2025\/02\/Alexandrie0003-1.jpg\" class=\"pfg-lightbox-all pfg-lightbox-\" data-lightbox=\"pfg-lightbox\"  data-title=\"Alexandrie \u2013 Cartes postales\" data-alt=\"Alexandrie \u2013 Cartes postales\" title=\"Alexandrie \u2013 Cartes postales\">\r\n\t\t\t\t\t\t<div data-category=\"1\" data-sort=\"Alexandrie \u2013 Cartes postales\" class=\"animateonload filtr-item filtr_item_1629 single_one col-lg-6 col-md-12 col-sm-12 col-12\">\r\n\t\t\t\t\t\t\t\t\t\t\t\t\t\t\t<img decoding=\"async\" class=\" thumbnail  thumbnail_1629 pfg-img pfg_img_1629 img-responsive none\" src=\"http:\/\/delphinelermite.com\/wp-content\/uploads\/2025\/02\/Alexandrie0003-1.jpg\" alt=\"\">\r\n\t\t\t\t\t\t\t\t\t\t\t\t\t\t\t\t\t<span class=\"item-desc item_desc_1629\">Alexandrie \u2013 Cartes postales<\/span>\r\n\t\t\t\t\t\t\t\t\t\t\t\t\t\t<\/div>\r\n\t\t\t\t\t<\/a>\r\n\t\t\t\t\t\t\t\t\t\t<a href=\"http:\/\/delphinelermite.com\/wp-content\/uploads\/2025\/02\/Alexandrie0014.jpg\" class=\"pfg-lightbox-all pfg-lightbox-\" data-lightbox=\"pfg-lightbox\"  data-title=\"Alexandrie \u2013 Cartes postales\" data-alt=\"Alexandrie \u2013 Cartes postales\" title=\"Alexandrie \u2013 Cartes postales\">\r\n\t\t\t\t\t\t<div data-category=\"1\" data-sort=\"Alexandrie \u2013 Cartes postales\" class=\"animateonload filtr-item filtr_item_1629 single_one col-lg-6 col-md-12 col-sm-12 col-12\">\r\n\t\t\t\t\t\t\t\t\t\t\t\t\t\t\t<img decoding=\"async\" class=\" thumbnail  thumbnail_1629 pfg-img pfg_img_1629 img-responsive none\" src=\"http:\/\/delphinelermite.com\/wp-content\/uploads\/2025\/02\/Alexandrie0014.jpg\" alt=\"\">\r\n\t\t\t\t\t\t\t\t\t\t\t\t\t\t\t\t\t<span class=\"item-desc item_desc_1629\">Alexandrie \u2013 Cartes postales<\/span>\r\n\t\t\t\t\t\t\t\t\t\t\t\t\t\t<\/div>\r\n\t\t\t\t\t<\/a>\r\n\t\t\t\t\t\t\t\t\t\t<a href=\"http:\/\/delphinelermite.com\/wp-content\/uploads\/2025\/02\/Alexandrie0013.jpg\" class=\"pfg-lightbox-all pfg-lightbox-\" data-lightbox=\"pfg-lightbox\"  data-title=\"Alexandrie \u2013 Cartes postales\" data-alt=\"Alexandrie \u2013 Cartes postales\" title=\"Alexandrie \u2013 Cartes postales\">\r\n\t\t\t\t\t\t<div data-category=\"1\" data-sort=\"Alexandrie \u2013 Cartes postales\" class=\"animateonload filtr-item filtr_item_1629 single_one col-lg-6 col-md-12 col-sm-12 col-12\">\r\n\t\t\t\t\t\t\t\t\t\t\t\t\t\t\t<img decoding=\"async\" class=\" thumbnail  thumbnail_1629 pfg-img pfg_img_1629 img-responsive none\" src=\"http:\/\/delphinelermite.com\/wp-content\/uploads\/2025\/02\/Alexandrie0013.jpg\" alt=\"\">\r\n\t\t\t\t\t\t\t\t\t\t\t\t\t\t\t\t\t<span class=\"item-desc item_desc_1629\">Alexandrie \u2013 Cartes postales<\/span>\r\n\t\t\t\t\t\t\t\t\t\t\t\t\t\t<\/div>\r\n\t\t\t\t\t<\/a>\r\n\t\t\t\t\t\t\t\t\t\t<a href=\"http:\/\/delphinelermite.com\/wp-content\/uploads\/2025\/02\/Alexandrie0004.jpg\" class=\"pfg-lightbox-all pfg-lightbox-\" data-lightbox=\"pfg-lightbox\"  data-title=\"Alexandrie \u2013 Cartes postales\" data-alt=\"Alexandrie \u2013 Cartes postales\" title=\"Alexandrie \u2013 Cartes postales\">\r\n\t\t\t\t\t\t<div data-category=\"1\" data-sort=\"Alexandrie \u2013 Cartes postales\" class=\"animateonload filtr-item filtr_item_1629 single_one col-lg-6 col-md-12 col-sm-12 col-12\">\r\n\t\t\t\t\t\t\t\t\t\t\t\t\t\t\t<img decoding=\"async\" class=\" thumbnail  thumbnail_1629 pfg-img pfg_img_1629 img-responsive none\" src=\"http:\/\/delphinelermite.com\/wp-content\/uploads\/2025\/02\/Alexandrie0004.jpg\" alt=\"\">\r\n\t\t\t\t\t\t\t\t\t\t\t\t\t\t\t\t\t<span class=\"item-desc item_desc_1629\">Alexandrie \u2013 Cartes postales<\/span>\r\n\t\t\t\t\t\t\t\t\t\t\t\t\t\t<\/div>\r\n\t\t\t\t\t<\/a>\r\n\t\t\t\t\t\t\t\t\t\t<a href=\"http:\/\/delphinelermite.com\/wp-content\/uploads\/2025\/02\/Alexandrie0012.jpg\" class=\"pfg-lightbox-all pfg-lightbox-\" data-lightbox=\"pfg-lightbox\"  data-title=\"Alexandrie \u2013 Cartes postales\" data-alt=\"Alexandrie \u2013 Cartes postales\" title=\"Alexandrie \u2013 Cartes postales\">\r\n\t\t\t\t\t\t<div data-category=\"1\" data-sort=\"Alexandrie \u2013 Cartes postales\" class=\"animateonload filtr-item filtr_item_1629 single_one col-lg-6 col-md-12 col-sm-12 col-12\">\r\n\t\t\t\t\t\t\t\t\t\t\t\t\t\t\t<img decoding=\"async\" class=\" thumbnail  thumbnail_1629 pfg-img pfg_img_1629 img-responsive none\" src=\"http:\/\/delphinelermite.com\/wp-content\/uploads\/2025\/02\/Alexandrie0012.jpg\" alt=\"\">\r\n\t\t\t\t\t\t\t\t\t\t\t\t\t\t\t\t\t<span class=\"item-desc item_desc_1629\">Alexandrie \u2013 Cartes postales<\/span>\r\n\t\t\t\t\t\t\t\t\t\t\t\t\t\t<\/div>\r\n\t\t\t\t\t<\/a>\r\n\t\t\t\t\t\t\t\t\t\t<a href=\"http:\/\/delphinelermite.com\/wp-content\/uploads\/2025\/02\/Alexandrie0006.jpg\" class=\"pfg-lightbox-all pfg-lightbox-\" data-lightbox=\"pfg-lightbox\"  data-title=\"Alexandrie \u2013 Cartes postales\" data-alt=\"Alexandrie \u2013 Cartes postales\" title=\"Alexandrie \u2013 Cartes postales\">\r\n\t\t\t\t\t\t<div data-category=\"1\" data-sort=\"Alexandrie \u2013 Cartes postales\" class=\"animateonload filtr-item filtr_item_1629 single_one col-lg-6 col-md-12 col-sm-12 col-12\">\r\n\t\t\t\t\t\t\t\t\t\t\t\t\t\t\t<img decoding=\"async\" class=\" thumbnail  thumbnail_1629 pfg-img pfg_img_1629 img-responsive none\" src=\"http:\/\/delphinelermite.com\/wp-content\/uploads\/2025\/02\/Alexandrie0006.jpg\" alt=\"\">\r\n\t\t\t\t\t\t\t\t\t\t\t\t\t\t\t\t\t<span class=\"item-desc item_desc_1629\">Alexandrie \u2013 Cartes postales<\/span>\r\n\t\t\t\t\t\t\t\t\t\t\t\t\t\t<\/div>\r\n\t\t\t\t\t<\/a>\r\n\t\t\t\t\t\t\t\t\t\t<a href=\"http:\/\/delphinelermite.com\/wp-content\/uploads\/2025\/02\/Alexandrie0010.jpg\" class=\"pfg-lightbox-all pfg-lightbox-\" data-lightbox=\"pfg-lightbox\"  data-title=\"Alexandrie \u2013 Cartes postales\" data-alt=\"Alexandrie \u2013 Cartes postales\" title=\"Alexandrie \u2013 Cartes postales\">\r\n\t\t\t\t\t\t<div data-category=\"1\" data-sort=\"Alexandrie \u2013 Cartes postales\" class=\"animateonload filtr-item filtr_item_1629 single_one col-lg-6 col-md-12 col-sm-12 col-12\">\r\n\t\t\t\t\t\t\t\t\t\t\t\t\t\t\t<img decoding=\"async\" class=\" thumbnail  thumbnail_1629 pfg-img pfg_img_1629 img-responsive none\" src=\"http:\/\/delphinelermite.com\/wp-content\/uploads\/2025\/02\/Alexandrie0010.jpg\" alt=\"\">\r\n\t\t\t\t\t\t\t\t\t\t\t\t\t\t\t\t\t<span class=\"item-desc item_desc_1629\">Alexandrie \u2013 Cartes postales<\/span>\r\n\t\t\t\t\t\t\t\t\t\t\t\t\t\t<\/div>\r\n\t\t\t\t\t<\/a>\r\n\t\t\t\t\t\t\t\t\t\t<a href=\"http:\/\/delphinelermite.com\/wp-content\/uploads\/2025\/02\/Alexandrie0005.jpg\" class=\"pfg-lightbox-all pfg-lightbox-\" data-lightbox=\"pfg-lightbox\"  data-title=\"Alexandrie \u2013 Cartes postales\" data-alt=\"Alexandrie \u2013 Cartes postales\" title=\"Alexandrie \u2013 Cartes postales\">\r\n\t\t\t\t\t\t<div data-category=\"1\" data-sort=\"Alexandrie \u2013 Cartes postales\" class=\"animateonload filtr-item filtr_item_1629 single_one col-lg-6 col-md-12 col-sm-12 col-12\">\r\n\t\t\t\t\t\t\t\t\t\t\t\t\t\t\t<img decoding=\"async\" class=\" thumbnail  thumbnail_1629 pfg-img pfg_img_1629 img-responsive none\" src=\"http:\/\/delphinelermite.com\/wp-content\/uploads\/2025\/02\/Alexandrie0005.jpg\" alt=\"\">\r\n\t\t\t\t\t\t\t\t\t\t\t\t\t\t\t\t\t<span class=\"item-desc item_desc_1629\">Alexandrie \u2013 Cartes postales<\/span>\r\n\t\t\t\t\t\t\t\t\t\t\t\t\t\t<\/div>\r\n\t\t\t\t\t<\/a>\r\n\t\t\t\t\t\t\t\t\t\t<a href=\"http:\/\/delphinelermite.com\/wp-content\/uploads\/2025\/02\/Alexandrie0008.jpg\" class=\"pfg-lightbox-all pfg-lightbox-\" data-lightbox=\"pfg-lightbox\"  data-title=\"Alexandrie \u2013 Cartes postales\" data-alt=\"Alexandrie \u2013 Cartes postales\" title=\"Alexandrie \u2013 Cartes postales\">\r\n\t\t\t\t\t\t<div data-category=\"1\" data-sort=\"Alexandrie \u2013 Cartes postales\" class=\"animateonload filtr-item filtr_item_1629 single_one col-lg-6 col-md-12 col-sm-12 col-12\">\r\n\t\t\t\t\t\t\t\t\t\t\t\t\t\t\t<img decoding=\"async\" class=\" thumbnail  thumbnail_1629 pfg-img pfg_img_1629 img-responsive none\" src=\"http:\/\/delphinelermite.com\/wp-content\/uploads\/2025\/02\/Alexandrie0008.jpg\" alt=\"\">\r\n\t\t\t\t\t\t\t\t\t\t\t\t\t\t\t\t\t<span class=\"item-desc item_desc_1629\">Alexandrie \u2013 Cartes postales<\/span>\r\n\t\t\t\t\t\t\t\t\t\t\t\t\t\t<\/div>\r\n\t\t\t\t\t<\/a>\r\n\t\t\t\t\t\t\t\t\t\t<a href=\"http:\/\/delphinelermite.com\/wp-content\/uploads\/2025\/02\/Alexandrie0009.jpg\" class=\"pfg-lightbox-all pfg-lightbox-\" data-lightbox=\"pfg-lightbox\"  data-title=\"Alexandrie \u2013 Cartes postales\" data-alt=\"Alexandrie \u2013 Cartes postales\" title=\"Alexandrie \u2013 Cartes postales\">\r\n\t\t\t\t\t\t<div data-category=\"1\" data-sort=\"Alexandrie \u2013 Cartes postales\" class=\"animateonload filtr-item filtr_item_1629 single_one col-lg-6 col-md-12 col-sm-12 col-12\">\r\n\t\t\t\t\t\t\t\t\t\t\t\t\t\t\t<img decoding=\"async\" class=\" thumbnail  thumbnail_1629 pfg-img pfg_img_1629 img-responsive none\" src=\"http:\/\/delphinelermite.com\/wp-content\/uploads\/2025\/02\/Alexandrie0009.jpg\" alt=\"\">\r\n\t\t\t\t\t\t\t\t\t\t\t\t\t\t\t\t\t<span class=\"item-desc item_desc_1629\">Alexandrie \u2013 Cartes postales<\/span>\r\n\t\t\t\t\t\t\t\t\t\t\t\t\t\t<\/div>\r\n\t\t\t\t\t<\/a>\r\n\t\t\t\t\t\t\t\t\t\t<a href=\"http:\/\/delphinelermite.com\/wp-content\/uploads\/2025\/02\/Alexandrie0022.jpg\" class=\"pfg-lightbox-all pfg-lightbox-\" data-lightbox=\"pfg-lightbox\"  data-title=\"Alexandrie \u2013 Cartes postales\" data-alt=\"Alexandrie \u2013 Cartes postales\" title=\"Alexandrie \u2013 Cartes postales\">\r\n\t\t\t\t\t\t<div data-category=\"1\" data-sort=\"Alexandrie \u2013 Cartes postales\" class=\"animateonload filtr-item filtr_item_1629 single_one col-lg-6 col-md-12 col-sm-12 col-12\">\r\n\t\t\t\t\t\t\t\t\t\t\t\t\t\t\t<img decoding=\"async\" class=\" thumbnail  thumbnail_1629 pfg-img pfg_img_1629 img-responsive none\" src=\"http:\/\/delphinelermite.com\/wp-content\/uploads\/2025\/02\/Alexandrie0022.jpg\" alt=\"\">\r\n\t\t\t\t\t\t\t\t\t\t\t\t\t\t\t\t\t<span class=\"item-desc item_desc_1629\">Alexandrie \u2013 Cartes postales<\/span>\r\n\t\t\t\t\t\t\t\t\t\t\t\t\t\t<\/div>\r\n\t\t\t\t\t<\/a>\r\n\t\t\t\t\t\t\t\t\t\t<a href=\"http:\/\/delphinelermite.com\/wp-content\/uploads\/2025\/02\/Alexandrie0021.jpg\" class=\"pfg-lightbox-all pfg-lightbox-\" data-lightbox=\"pfg-lightbox\"  data-title=\"Alexandrie \u2013 Cartes postales\" data-alt=\"Alexandrie \u2013 Cartes postales\" title=\"Alexandrie \u2013 Cartes postales\">\r\n\t\t\t\t\t\t<div data-category=\"1\" data-sort=\"Alexandrie \u2013 Cartes postales\" class=\"animateonload filtr-item filtr_item_1629 single_one col-lg-6 col-md-12 col-sm-12 col-12\">\r\n\t\t\t\t\t\t\t\t\t\t\t\t\t\t\t<img decoding=\"async\" class=\" thumbnail  thumbnail_1629 pfg-img pfg_img_1629 img-responsive none\" src=\"http:\/\/delphinelermite.com\/wp-content\/uploads\/2025\/02\/Alexandrie0021.jpg\" alt=\"\">\r\n\t\t\t\t\t\t\t\t\t\t\t\t\t\t\t\t\t<span class=\"item-desc item_desc_1629\">Alexandrie \u2013 Cartes postales<\/span>\r\n\t\t\t\t\t\t\t\t\t\t\t\t\t\t<\/div>\r\n\t\t\t\t\t<\/a>\r\n\t\t\t\t\t\t\t\t\t\t<a href=\"http:\/\/delphinelermite.com\/wp-content\/uploads\/2025\/02\/Alexandrie0020.jpg\" class=\"pfg-lightbox-all pfg-lightbox-\" data-lightbox=\"pfg-lightbox\"  data-title=\"Alexandrie \u2013 Cartes postales\" data-alt=\"Alexandrie \u2013 Cartes postales\" title=\"Alexandrie \u2013 Cartes postales\">\r\n\t\t\t\t\t\t<div data-category=\"1\" data-sort=\"Alexandrie \u2013 Cartes postales\" class=\"animateonload filtr-item filtr_item_1629 single_one col-lg-6 col-md-12 col-sm-12 col-12\">\r\n\t\t\t\t\t\t\t\t\t\t\t\t\t\t\t<img decoding=\"async\" class=\" thumbnail  thumbnail_1629 pfg-img pfg_img_1629 img-responsive none\" src=\"http:\/\/delphinelermite.com\/wp-content\/uploads\/2025\/02\/Alexandrie0020.jpg\" alt=\"\">\r\n\t\t\t\t\t\t\t\t\t\t\t\t\t\t\t\t\t<span class=\"item-desc item_desc_1629\">Alexandrie \u2013 Cartes postales<\/span>\r\n\t\t\t\t\t\t\t\t\t\t\t\t\t\t<\/div>\r\n\t\t\t\t\t<\/a>\r\n\t\t\t\t\t\t\t\t\t\t<a href=\"http:\/\/delphinelermite.com\/wp-content\/uploads\/2025\/02\/Alexandrie0017.jpg\" class=\"pfg-lightbox-all pfg-lightbox-\" data-lightbox=\"pfg-lightbox\"  data-title=\"Alexandrie \u2013 Cartes postales\" data-alt=\"Alexandrie \u2013 Cartes postales\" title=\"Alexandrie \u2013 Cartes postales\">\r\n\t\t\t\t\t\t<div data-category=\"1\" data-sort=\"Alexandrie \u2013 Cartes postales\" class=\"animateonload filtr-item filtr_item_1629 single_one col-lg-6 col-md-12 col-sm-12 col-12\">\r\n\t\t\t\t\t\t\t\t\t\t\t\t\t\t\t<img decoding=\"async\" class=\" thumbnail  thumbnail_1629 pfg-img pfg_img_1629 img-responsive none\" src=\"http:\/\/delphinelermite.com\/wp-content\/uploads\/2025\/02\/Alexandrie0017.jpg\" alt=\"\">\r\n\t\t\t\t\t\t\t\t\t\t\t\t\t\t\t\t\t<span class=\"item-desc item_desc_1629\">Alexandrie \u2013 Cartes postales<\/span>\r\n\t\t\t\t\t\t\t\t\t\t\t\t\t\t<\/div>\r\n\t\t\t\t\t<\/a>\r\n\t\t\t\t\t\t\t\t\t\t<a href=\"http:\/\/delphinelermite.com\/wp-content\/uploads\/2025\/02\/Alexandrie0018.jpg\" class=\"pfg-lightbox-all pfg-lightbox-\" data-lightbox=\"pfg-lightbox\"  data-title=\"Alexandrie \u2013 Cartes postales\" data-alt=\"Alexandrie \u2013 Cartes postales\" title=\"Alexandrie \u2013 Cartes postales\">\r\n\t\t\t\t\t\t<div data-category=\"1\" data-sort=\"Alexandrie \u2013 Cartes postales\" class=\"animateonload filtr-item filtr_item_1629 single_one col-lg-6 col-md-12 col-sm-12 col-12\">\r\n\t\t\t\t\t\t\t\t\t\t\t\t\t\t\t<img decoding=\"async\" class=\" thumbnail  thumbnail_1629 pfg-img pfg_img_1629 img-responsive none\" src=\"http:\/\/delphinelermite.com\/wp-content\/uploads\/2025\/02\/Alexandrie0018.jpg\" alt=\"\">\r\n\t\t\t\t\t\t\t\t\t\t\t\t\t\t\t\t\t<span class=\"item-desc item_desc_1629\">Alexandrie \u2013 Cartes postales<\/span>\r\n\t\t\t\t\t\t\t\t\t\t\t\t\t\t<\/div>\r\n\t\t\t\t\t<\/a>\r\n\t\t\t\t\t\t\t\t\t\t<a href=\"http:\/\/delphinelermite.com\/wp-content\/uploads\/2025\/02\/Alexandrie0016.jpg\" class=\"pfg-lightbox-all pfg-lightbox-\" data-lightbox=\"pfg-lightbox\"  data-title=\"Alexandrie \u2013 Cartes postales\" data-alt=\"Alexandrie \u2013 Cartes postales\" title=\"Alexandrie \u2013 Cartes postales\">\r\n\t\t\t\t\t\t<div data-category=\"1\" data-sort=\"Alexandrie \u2013 Cartes postales\" class=\"animateonload filtr-item filtr_item_1629 single_one col-lg-6 col-md-12 col-sm-12 col-12\">\r\n\t\t\t\t\t\t\t\t\t\t\t\t\t\t\t<img decoding=\"async\" class=\" thumbnail  thumbnail_1629 pfg-img pfg_img_1629 img-responsive none\" src=\"http:\/\/delphinelermite.com\/wp-content\/uploads\/2025\/02\/Alexandrie0016.jpg\" alt=\"\">\r\n\t\t\t\t\t\t\t\t\t\t\t\t\t\t\t\t\t<span class=\"item-desc item_desc_1629\">Alexandrie \u2013 Cartes postales<\/span>\r\n\t\t\t\t\t\t\t\t\t\t\t\t\t\t<\/div>\r\n\t\t\t\t\t<\/a>\r\n\t\t\t\t\t\t\t<\/div>\r\n\t<\/div>\r\n<script>\r\n\r\nsetTimeout(function () {\r\n\tjQuery(\".thumbnail_1629\").each(function(){\r\n\t\t\/\/ console.log(jQuery(this).width() + \"x\" + jQuery(this).height())\r\n\t\tvar h = jQuery(this).height();\r\n\t\tvar w = jQuery(this).width();\r\n\t\tjQuery(this).height(h);\r\n\t\tjQuery(this).width(w);\r\n\t\tjQuery(this).resize();\r\n\t});\r\n}, 2500);\r\n\r\njQuery(document).ready(function (jQuery) {\r\n    jQuery('.filtr-item').addClass('animateonload');\r\n    jQuery('#filter_gallery_1629').show();\r\n    jQuery('.loading-wrapper').hide();\r\n    jQuery(\".loader_img\").hide();\r\n    jQuery(\".lg_load_more\").show();\r\n    jQuery(\".filtr-container\").css(\"opacity\", 1);\r\n\r\n    \/\/ Define Filterizr Default Options\r\n    const options = {\r\n        animationDuration: 0.5,\r\n        callbacks: {\r\n            onFilteringStart: function() {\r\n                \/\/ Apply sorting shortly after filtering starts\r\n                setTimeout(function() {\r\n                                    }, 50);\r\n            },\r\n            onFilteringEnd: function() {\r\n                \/\/ Apply sorting shortly after filtering ends\r\n                setTimeout(function() {\r\n                                    }, 50);\r\n            },\r\n            onShufflingStart: function() { },\r\n            onShufflingEnd: function() { },\r\n            onSortingStart: function() { },\r\n            onSortingEnd: function() { }\r\n        },\r\n        controlsSelector: '.filtr-controls-1629',\r\n        filter: 'all',\r\n        filterOutCss: {\r\n            top: '0px',\r\n            left: '0px',\r\n            opacity: 0.001,\r\n            transform: ''\r\n        },\r\n        filterInCss: {\r\n            top: '0px',\r\n            left: '0px',\r\n            opacity: 1,\r\n            transform: ''\r\n        },\r\n        layout: 'sameWidth',\r\n        selector: '.filtr-item',\r\n        setupControls: false\r\n    };\r\n\r\n    \/\/ Initialize Filterizr and ensure it is globally accessible\r\n    window.filterizd = jQuery('.filter_gallery_1629').filterizr(options);\r\n\r\n    jQuery('.filter_gallery_1629').imagesLoaded(function() {\r\n        \/\/ Reapply sorting after initial load\r\n        \r\n        \/\/ Resize handling\r\n        jQuery(window).resize(function() {\r\n            jQuery(\".thumbnail_1629\").each(function() {\r\n                var h = jQuery(this).height();\r\n                var w = jQuery(this).width();\r\n                jQuery(this).height(h);\r\n                jQuery(this).width(w);\r\n            });\r\n\r\n            \/\/ Reapply sorting after resizing\r\n                    });\r\n    });\r\n\r\n\t\t\r\n\t\t\/\/bootstrap-lightbox-js\r\n\t\t\/\/ delegate calls to data-toggle=\"lightbox\"\r\n\t\tdocument.addEventListener('DOMContentLoaded', (event) => {\r\n            document.querySelectorAll('.my-lightbox-toggle').forEach((el) => {\r\n                el.addEventListener('click', (e) => {\r\n                    e.preventDefault();\r\n\r\n                    const options = {\r\n                        keyboard: true,\r\n                        size: 'fullscreen'\r\n                    };\r\n\r\n                    \/\/ Assuming Lightbox is a constructor from the included library\r\n                    \/\/ Check if the Lightbox class or function exists\r\n                    if (typeof Lightbox !== 'undefined') {\r\n                        const lightbox = new Lightbox(el, options);\r\n                        lightbox.show();\r\n                    } else {\r\n                        console.error('Lightbox library is not loaded.');\r\n                    }\r\n                });\r\n            });\r\n        });\r\n\t\t\t\tjQuery('.filtr-control-1629 [data-filter]').click(function() {\r\n\t\t\t\/\/jQuery('.swiper-1629').swipebox('swipebox-destroy');\r\n\t\t\tvar targetFilter = jQuery(this).data('filter');\r\n\t\t\tvar lighbox_class_name = \"pfg-lightbox-\" + targetFilter;\r\n\t\t\tjQuery('.pfg-lightbox-' + targetFilter ).attr('data-lightbox', lighbox_class_name); \/\/ add data filter for parent filters\r\n\t\t});\r\n\t\t\r\n\t\t\r\n\t\/\/ video player\r\n\tjQuery(function(){\r\n      jQuery(\"a.video-box-1629\").YouTubePopUp( { autoplay: 0 } ); \/\/ Disable autoplay\r\n\t});\r\n\t\r\n});   \r\n<\/script><\/div>\n<\/div>\n<div dir=\"auto\">\u00a0<\/div>\n<div dir=\"auto\">Lien images originales : <a href=\"http:\/\/delphinelermite.com\/?page_id=141\">Paysage | Cartes postales<\/a><br \/>Lien exposition : <a href=\"http:\/\/delphinelermite.com\/?page_id=705\">Rien n&rsquo;aura eu lieu<\/a><\/div>","protected":false},"excerpt":{"rendered":"","protected":false},"author":1,"featured_media":0,"parent":10,"menu_order":0,"comment_status":"closed","ping_status":"closed","template":"","meta":{"footnotes":""},"class_list":["post-1002","page","type-page","status-publish","hentry"],"_links":{"self":[{"href":"http:\/\/delphinelermite.com\/index.php?rest_route=\/wp\/v2\/pages\/1002","targetHints":{"allow":["GET"]}}],"collection":[{"href":"http:\/\/delphinelermite.com\/index.php?rest_route=\/wp\/v2\/pages"}],"about":[{"href":"http:\/\/delphinelermite.com\/index.php?rest_route=\/wp\/v2\/types\/page"}],"author":[{"embeddable":true,"href":"http:\/\/delphinelermite.com\/index.php?rest_route=\/wp\/v2\/users\/1"}],"replies":[{"embeddable":true,"href":"http:\/\/delphinelermite.com\/index.php?rest_route=%2Fwp%2Fv2%2Fcomments&post=1002"}],"version-history":[{"count":3,"href":"http:\/\/delphinelermite.com\/index.php?rest_route=\/wp\/v2\/pages\/1002\/revisions"}],"predecessor-version":[{"id":1632,"href":"http:\/\/delphinelermite.com\/index.php?rest_route=\/wp\/v2\/pages\/1002\/revisions\/1632"}],"up":[{"embeddable":true,"href":"http:\/\/delphinelermite.com\/index.php?rest_route=\/wp\/v2\/pages\/10"}],"wp:attachment":[{"href":"http:\/\/delphinelermite.com\/index.php?rest_route=%2Fwp%2Fv2%2Fmedia&parent=1002"}],"curies":[{"name":"wp","href":"https:\/\/api.w.org\/{rel}","templated":true}]}}