{"id":121,"date":"2025-02-12T14:58:22","date_gmt":"2025-02-12T13:58:22","guid":{"rendered":"http:\/\/delphinelermite.com\/?page_id=121"},"modified":"2025-02-13T10:48:33","modified_gmt":"2025-02-13T09:48:33","slug":"heterotopia","status":"publish","type":"page","link":"http:\/\/delphinelermite.com\/?page_id=121","title":{"rendered":"Heterotopia"},"content":{"rendered":"\n<p><a href=\"http:\/\/delphinelermite.com\/\" data-type=\"page\" data-id=\"2\">Cr\u00e9ations<\/a> | <a href=\"http:\/\/delphinelermite.com\/?page_id=37\" data-type=\"page\" data-id=\"37\">Installations<\/a><\/p>\n\n\n\n<p>Apr\u00e8s avoir mod\u00e9lis\u00e9 une roche-matrice, je fabrique, gr\u00e2ce aux arts du feu (c\u00e9ramique, verre\u2026) des sculptures dans les diff\u00e9rents mat\u00e9riaux issus des 5 \u00e9l\u00e9ments du Wuxing chinois (Bois \u6728 \u2013 Feu \u706b \u2013 Terre \u571f \u2013 M\u00e9tal \u91d1 \u2013 Eau \u6c34). Ces pi\u00e8ces, \u00e0 la fois unique et ind\u00e9finiment reproductibles rejouent les transformations de la mati\u00e8re d\u00e9crite dans les mythes narrant les origines de l\u2019univers. <br \/><br \/>Chaque sculpture est dot\u00e9e d\u2019un syst\u00e8me sonore vibratoire qui sera perceptible \u00e0 la fois au toucher (vibration des parois de la sculpture) et \u00e0 l\u2019\u00e9coute (\u00e0 chaque sculpture correspond une note de la gamme pentatonique permettant la cr\u00e9ation d\u2019une symphonie vibratoire) impliquant alors physiquement le corps du spectateur.<\/p>\n<p>2020-2021<\/p>\n<hr \/>\n<p>\u00a0<\/p>\n\n\n<table style=\"border-collapse: collapse; width: 100%;\">\n<tbody>\n<tr>\n<td style=\"width: 50%; vertical-align: top;\">\n<p>\u00ab\u00a0De tout temps, on a recherch\u00e9 non seulement les pierres pr\u00e9cieuses, mais aussi les pierres curieuses, celles qui attirent l\u2019attention par quelque anomalie de leur forme ou par quelque bizarrerie significative de dessin ou de couleur. Presque toujours, il s\u2019agit d\u2019une ressemblance inattendue, improbable et pourtant naturelle, qui provoque de la fascination. [&#8230;]<\/p>\n<p>Les images de cette sorte miniaturisent \u00e0 son b\u00e9n\u00e9fice personnel chaque objet du monde. Elles lui en remettent un double stable, qui tient dans le creux de sa main, [&#8230;]. Il \u00e9tait l\u00e0 depuis toujours. Il n\u2019a fallu qu\u2019en atteindre la pr\u00e9sence.\u00a0\u00bb<\/p>\n<p>Roger Caillois, <i>L\u2019\u00e9criture des pierres<\/i>, Champs Flammarion, 1970, pp. 5 &amp; 11.<\/p>\n<hr \/>\n<p><i>H\u00e9t\u00e9rotopie<\/i> : Localisation physique de l\u2019utopie ; espaces concrets qui h\u00e9bergent l\u2019imaginaire.<\/p>\n<p>Michel Foucault, 1968<\/p>\n<hr \/><\/td>\n<td style=\"width: 50%; vertical-align: top;\">\n<p><img decoding=\"async\" class=\"alignnone size-full wp-image-61\" src=\"http:\/\/delphinelermite.com\/wp-content\/uploads\/2025\/02\/icon_zero_frame_2.png\" alt=\"\" width=\"971\" height=\"995\" srcset=\"http:\/\/delphinelermite.com\/wp-content\/uploads\/2025\/02\/icon_zero_frame_2.png 971w, http:\/\/delphinelermite.com\/wp-content\/uploads\/2025\/02\/icon_zero_frame_2-293x300.png 293w, http:\/\/delphinelermite.com\/wp-content\/uploads\/2025\/02\/icon_zero_frame_2-768x787.png 768w\" sizes=\"(max-width: 971px) 100vw, 971px\" \/><\/p>\n<div style=\"width: 730px;\" class=\"wp-video\"><video class=\"wp-video-shortcode\" id=\"video-121-1\" width=\"730\" height=\"411\" preload=\"metadata\" controls=\"controls\"><source type=\"video\/mp4\" src=\"http:\/\/delphinelermite.com\/wp-content\/uploads\/2025\/02\/Model_Rocher_01-720p.mp4?_=1\" \/><a href=\"http:\/\/delphinelermite.com\/wp-content\/uploads\/2025\/02\/Model_Rocher_01-720p.mp4\">http:\/\/delphinelermite.com\/wp-content\/uploads\/2025\/02\/Model_Rocher_01-720p.mp4<\/a><\/video><\/div>\n<p>Bois \u6728<\/p>\n<p><img decoding=\"async\" class=\"alignnone size-full wp-image-214\" src=\"http:\/\/delphinelermite.com\/wp-content\/uploads\/2025\/02\/Heterotopia05.jpg\" alt=\"\" width=\"1754\" height=\"1240\" srcset=\"http:\/\/delphinelermite.com\/wp-content\/uploads\/2025\/02\/Heterotopia05.jpg 1754w, http:\/\/delphinelermite.com\/wp-content\/uploads\/2025\/02\/Heterotopia05-300x212.jpg 300w, http:\/\/delphinelermite.com\/wp-content\/uploads\/2025\/02\/Heterotopia05-1024x724.jpg 1024w, http:\/\/delphinelermite.com\/wp-content\/uploads\/2025\/02\/Heterotopia05-768x543.jpg 768w, http:\/\/delphinelermite.com\/wp-content\/uploads\/2025\/02\/Heterotopia05-1536x1086.jpg 1536w\" sizes=\"(max-width: 1754px) 100vw, 1754px\" \/><\/p>\n<div style=\"width: 720px;\" class=\"wp-video\"><video class=\"wp-video-shortcode\" id=\"video-121-2\" width=\"720\" height=\"480\" preload=\"metadata\" controls=\"controls\"><source type=\"video\/mp4\" src=\"http:\/\/delphinelermite.com\/wp-content\/uploads\/2025\/02\/02-Bois.mp4?_=2\" \/><a href=\"http:\/\/delphinelermite.com\/wp-content\/uploads\/2025\/02\/02-Bois.mp4\">http:\/\/delphinelermite.com\/wp-content\/uploads\/2025\/02\/02-Bois.mp4<\/a><\/video><\/div>\n<p>Eau \u6c34<\/p>\n<p><img decoding=\"async\" class=\"alignnone size-full wp-image-213\" src=\"http:\/\/delphinelermite.com\/wp-content\/uploads\/2025\/02\/Heterotopia04.jpg\" alt=\"\" width=\"1754\" height=\"1240\" srcset=\"http:\/\/delphinelermite.com\/wp-content\/uploads\/2025\/02\/Heterotopia04.jpg 1754w, http:\/\/delphinelermite.com\/wp-content\/uploads\/2025\/02\/Heterotopia04-300x212.jpg 300w, http:\/\/delphinelermite.com\/wp-content\/uploads\/2025\/02\/Heterotopia04-1024x724.jpg 1024w, http:\/\/delphinelermite.com\/wp-content\/uploads\/2025\/02\/Heterotopia04-768x543.jpg 768w, http:\/\/delphinelermite.com\/wp-content\/uploads\/2025\/02\/Heterotopia04-1536x1086.jpg 1536w\" sizes=\"(max-width: 1754px) 100vw, 1754px\" \/><\/p>\n<div style=\"width: 720px;\" class=\"wp-video\"><video class=\"wp-video-shortcode\" id=\"video-121-3\" width=\"720\" height=\"480\" preload=\"metadata\" controls=\"controls\"><source type=\"video\/mp4\" src=\"http:\/\/delphinelermite.com\/wp-content\/uploads\/2025\/02\/01-Verre.mp4?_=3\" \/><a href=\"http:\/\/delphinelermite.com\/wp-content\/uploads\/2025\/02\/01-Verre.mp4\">http:\/\/delphinelermite.com\/wp-content\/uploads\/2025\/02\/01-Verre.mp4<\/a><\/video><\/div>\n<p>M\u00e9tal \u91d1<\/p>\n<p><img decoding=\"async\" class=\"alignnone size-full wp-image-212\" src=\"http:\/\/delphinelermite.com\/wp-content\/uploads\/2025\/02\/Heterotopia03.jpg\" alt=\"\" width=\"1754\" height=\"1240\" srcset=\"http:\/\/delphinelermite.com\/wp-content\/uploads\/2025\/02\/Heterotopia03.jpg 1754w, http:\/\/delphinelermite.com\/wp-content\/uploads\/2025\/02\/Heterotopia03-300x212.jpg 300w, http:\/\/delphinelermite.com\/wp-content\/uploads\/2025\/02\/Heterotopia03-1024x724.jpg 1024w, http:\/\/delphinelermite.com\/wp-content\/uploads\/2025\/02\/Heterotopia03-768x543.jpg 768w, http:\/\/delphinelermite.com\/wp-content\/uploads\/2025\/02\/Heterotopia03-1536x1086.jpg 1536w\" sizes=\"(max-width: 1754px) 100vw, 1754px\" \/><\/p>\n<div style=\"width: 720px;\" class=\"wp-video\"><video class=\"wp-video-shortcode\" id=\"video-121-4\" width=\"720\" height=\"480\" preload=\"metadata\" controls=\"controls\"><source type=\"video\/mp4\" src=\"http:\/\/delphinelermite.com\/wp-content\/uploads\/2025\/02\/05-Metal.mp4?_=4\" \/><a href=\"http:\/\/delphinelermite.com\/wp-content\/uploads\/2025\/02\/05-Metal.mp4\">http:\/\/delphinelermite.com\/wp-content\/uploads\/2025\/02\/05-Metal.mp4<\/a><\/video><\/div>\n<p>Feu \u706b<\/p>\n<p><img decoding=\"async\" class=\"alignnone size-full wp-image-211\" src=\"http:\/\/delphinelermite.com\/wp-content\/uploads\/2025\/02\/Heterotopia02.jpg\" alt=\"\" width=\"1754\" height=\"1240\" srcset=\"http:\/\/delphinelermite.com\/wp-content\/uploads\/2025\/02\/Heterotopia02.jpg 1754w, http:\/\/delphinelermite.com\/wp-content\/uploads\/2025\/02\/Heterotopia02-300x212.jpg 300w, http:\/\/delphinelermite.com\/wp-content\/uploads\/2025\/02\/Heterotopia02-1024x724.jpg 1024w, http:\/\/delphinelermite.com\/wp-content\/uploads\/2025\/02\/Heterotopia02-768x543.jpg 768w, http:\/\/delphinelermite.com\/wp-content\/uploads\/2025\/02\/Heterotopia02-1536x1086.jpg 1536w\" sizes=\"(max-width: 1754px) 100vw, 1754px\" \/><\/p>\n<div style=\"width: 720px;\" class=\"wp-video\"><video class=\"wp-video-shortcode\" id=\"video-121-5\" width=\"720\" height=\"480\" preload=\"metadata\" controls=\"controls\"><source type=\"video\/mp4\" src=\"http:\/\/delphinelermite.com\/wp-content\/uploads\/2025\/02\/03-Feu.mp4?_=5\" \/><a href=\"http:\/\/delphinelermite.com\/wp-content\/uploads\/2025\/02\/03-Feu.mp4\">http:\/\/delphinelermite.com\/wp-content\/uploads\/2025\/02\/03-Feu.mp4<\/a><\/video><\/div>\n<p>Terre \u571f<\/p>\n<p><img decoding=\"async\" class=\"alignnone size-full wp-image-210\" src=\"http:\/\/delphinelermite.com\/wp-content\/uploads\/2025\/02\/Heterotopia01.jpg\" alt=\"\" width=\"1754\" height=\"1240\" srcset=\"http:\/\/delphinelermite.com\/wp-content\/uploads\/2025\/02\/Heterotopia01.jpg 1754w, http:\/\/delphinelermite.com\/wp-content\/uploads\/2025\/02\/Heterotopia01-300x212.jpg 300w, http:\/\/delphinelermite.com\/wp-content\/uploads\/2025\/02\/Heterotopia01-1024x724.jpg 1024w, http:\/\/delphinelermite.com\/wp-content\/uploads\/2025\/02\/Heterotopia01-768x543.jpg 768w, http:\/\/delphinelermite.com\/wp-content\/uploads\/2025\/02\/Heterotopia01-1536x1086.jpg 1536w\" sizes=\"(max-width: 1754px) 100vw, 1754px\" \/><\/p>\n<div style=\"width: 720px;\" class=\"wp-video\"><video class=\"wp-video-shortcode\" id=\"video-121-6\" width=\"720\" height=\"480\" preload=\"metadata\" controls=\"controls\"><source type=\"video\/mp4\" src=\"http:\/\/delphinelermite.com\/wp-content\/uploads\/2025\/02\/04-Terre.mp4?_=6\" \/><a href=\"http:\/\/delphinelermite.com\/wp-content\/uploads\/2025\/02\/04-Terre.mp4\">http:\/\/delphinelermite.com\/wp-content\/uploads\/2025\/02\/04-Terre.mp4<\/a><\/video><\/div>\n<p><img decoding=\"async\" class=\"alignnone size-full wp-image-209\" src=\"http:\/\/delphinelermite.com\/wp-content\/uploads\/2025\/02\/Dessin.jpg\" alt=\"\" width=\"1440\" height=\"1293\" srcset=\"http:\/\/delphinelermite.com\/wp-content\/uploads\/2025\/02\/Dessin.jpg 1440w, http:\/\/delphinelermite.com\/wp-content\/uploads\/2025\/02\/Dessin-300x269.jpg 300w, http:\/\/delphinelermite.com\/wp-content\/uploads\/2025\/02\/Dessin-1024x919.jpg 1024w, http:\/\/delphinelermite.com\/wp-content\/uploads\/2025\/02\/Dessin-768x690.jpg 768w\" sizes=\"(max-width: 1440px) 100vw, 1440px\" \/><\/p>\n<p><img decoding=\"async\" class=\"alignnone size-full wp-image-204\" src=\"http:\/\/delphinelermite.com\/wp-content\/uploads\/2025\/02\/02b.jpg\" alt=\"\" width=\"528\" height=\"527\" srcset=\"http:\/\/delphinelermite.com\/wp-content\/uploads\/2025\/02\/02b.jpg 528w, http:\/\/delphinelermite.com\/wp-content\/uploads\/2025\/02\/02b-300x300.jpg 300w, http:\/\/delphinelermite.com\/wp-content\/uploads\/2025\/02\/02b-150x150.jpg 150w\" sizes=\"(max-width: 528px) 100vw, 528px\" \/><\/p>\n<p><img decoding=\"async\" class=\"alignnone size-full wp-image-202\" src=\"http:\/\/delphinelermite.com\/wp-content\/uploads\/2025\/02\/01b.jpg\" alt=\"\" width=\"579\" height=\"468\" srcset=\"http:\/\/delphinelermite.com\/wp-content\/uploads\/2025\/02\/01b.jpg 579w, http:\/\/delphinelermite.com\/wp-content\/uploads\/2025\/02\/01b-300x242.jpg 300w\" sizes=\"(max-width: 579px) 100vw, 579px\" \/><\/p>\n<\/td>\n<\/tr>\n<\/tbody>\n<\/table>\n\n\n<p><a href=\"http:\/\/delphinelermite.com\/PDF\/Lermite_Heterotopia_Projet.pdf\" target=\"_blank\" rel=\"noopener\">Dossier artistique (pdf)<\/a><\/p>\n<hr \/>\n<p>\u00ab\u00a0Heterotopia\u00a0\u00bb a b\u00e9n\u00e9fici\u00e9 de la Bourse d&rsquo;aide \u00e0 la cr\u00e9ation de la R\u00e9gion Hauts de France [PRAC2.0] en octobre 2020<\/p>\n<p><\/p>\n<p>Production et aide \u00e0 la conception : <a href=\"https:\/\/christophegregorio.art\/projects\/delphine-lermite-heterotopia\/\" target=\"_blank\" rel=\"noreferrer noopener\">Atelier CG.ART<\/a><br \/>Cr\u00e9ation et composition sonore : <a href=\"https:\/\/soundcloud.com\/daniel-cabanzo\" target=\"_blank\" rel=\"noreferrer noopener\">Daniel Cabanzo<\/a><\/p>\n<hr \/>\n<p>Soufflage verre : <a href=\"https:\/\/metiersdart.grandest.fr\/index.php\/atelier-gamil\/verrier-a-la-main\/domaine-du-verre-et-du-cristal\/artisans-du-grand-est\" target=\"_blank\" rel=\"noopener\">Atelier Gamil<\/a><br \/>CNC Bois : <a href=\"https:\/\/www.poliart.it\/\" target=\"_blank\" rel=\"noreferrer noopener\">Atelier Poliart<\/a><br \/>Cuisson c\u00e9ramiques : <a href=\"https:\/\/poterieduvieuxbac.com\/\" target=\"_blank\" rel=\"noreferrer noopener\">Poterie du Vieux Bac<\/a><\/p>\n<hr \/>\n<p>Remerciements<\/p>\n<p>Florian Ancel, <a href=\"https:\/\/soundcloud.com\/daniel-cabanzo\" target=\"_blank\" rel=\"noreferrer noopener\">Daniel Cabanzo <\/a>, <a href=\"https:\/\/christophegregorio.art\/\" target=\"_blank\" rel=\"noreferrer noopener\">Christophe Greg\u00f3rio<\/a>, Eug\u00e8ne Le Lec Lermite, <a href=\"https:\/\/juliemachin.com\/\" target=\"_blank\" rel=\"noreferrer noopener\">Julie Machin<\/a>, <a href=\"http:\/\/www.atelier-gamil.fr\/\" target=\"_blank\" rel=\"noreferrer noopener\">St\u00e9phane Pelletier<\/a>, \u00c9ric Prigent, <a href=\"https:\/\/www.facebook.com\/groups\/579721832527427\" target=\"_blank\" rel=\"noreferrer noopener\">Project: Largo<\/a>, <a href=\"https:\/\/www.annakatharina.org\/\" target=\"_blank\" rel=\"noreferrer noopener\">Anna-Katharina Scheidegger<\/a>, <a href=\"http:\/\/www.eaclesroches.com\/ceramistes\/\" target=\"_blank\" rel=\"noreferrer noopener\">Arlette &amp; Marc Simon<\/a>, <a href=\"https:\/\/www.cliosimon.com\/\" target=\"_blank\" rel=\"noreferrer noopener\">Clio Simon<\/a>, <a href=\"https:\/\/www.poliart.it\/\" target=\"_blank\" rel=\"noreferrer noopener\">Samuele Sodini<\/a>.<\/p>\n<p><\/p>\n\n\n\n<p><\/p>\n\n\n\n<p><\/p>\n\n\n\n\n\n<p><\/p>\n","protected":false},"excerpt":{"rendered":"<p>Cr\u00e9ations | Installations Apr\u00e8s avoir mod\u00e9lis\u00e9 une roche-matrice, je fabrique, gr\u00e2ce aux arts du feu (c\u00e9ramique, verre\u2026) des sculptures dans les diff\u00e9rents mat\u00e9riaux issus des 5 \u00e9l\u00e9ments du Wuxing chinois (Bois \u6728 \u2013 Feu \u706b \u2013 Terre \u571f \u2013 M\u00e9tal \u91d1 \u2013 Eau \u6c34). Ces pi\u00e8ces, \u00e0 la fois unique et ind\u00e9finiment reproductibles rejouent les&hellip; <\/p>\n","protected":false},"author":1,"featured_media":0,"parent":37,"menu_order":0,"comment_status":"closed","ping_status":"closed","template":"","meta":{"footnotes":""},"class_list":["post-121","page","type-page","status-publish","hentry"],"_links":{"self":[{"href":"http:\/\/delphinelermite.com\/index.php?rest_route=\/wp\/v2\/pages\/121","targetHints":{"allow":["GET"]}}],"collection":[{"href":"http:\/\/delphinelermite.com\/index.php?rest_route=\/wp\/v2\/pages"}],"about":[{"href":"http:\/\/delphinelermite.com\/index.php?rest_route=\/wp\/v2\/types\/page"}],"author":[{"embeddable":true,"href":"http:\/\/delphinelermite.com\/index.php?rest_route=\/wp\/v2\/users\/1"}],"replies":[{"embeddable":true,"href":"http:\/\/delphinelermite.com\/index.php?rest_route=%2Fwp%2Fv2%2Fcomments&post=121"}],"version-history":[{"count":19,"href":"http:\/\/delphinelermite.com\/index.php?rest_route=\/wp\/v2\/pages\/121\/revisions"}],"predecessor-version":[{"id":440,"href":"http:\/\/delphinelermite.com\/index.php?rest_route=\/wp\/v2\/pages\/121\/revisions\/440"}],"up":[{"embeddable":true,"href":"http:\/\/delphinelermite.com\/index.php?rest_route=\/wp\/v2\/pages\/37"}],"wp:attachment":[{"href":"http:\/\/delphinelermite.com\/index.php?rest_route=%2Fwp%2Fv2%2Fmedia&parent=121"}],"curies":[{"name":"wp","href":"https:\/\/api.w.org\/{rel}","templated":true}]}}