{"id":134,"date":"2025-02-12T15:10:08","date_gmt":"2025-02-12T14:10:08","guid":{"rendered":"http:\/\/delphinelermite.com\/?page_id=134"},"modified":"2025-02-14T15:47:04","modified_gmt":"2025-02-14T14:47:04","slug":"in-situ-in-visu-ici-la","status":"publish","type":"page","link":"http:\/\/delphinelermite.com\/?page_id=134","title":{"rendered":"IN SITU \/ IN VISU (ICI &amp; L\u00c0)"},"content":{"rendered":"\n<p><a href=\"http:\/\/delphinelermite.com\/\" data-type=\"page\" data-id=\"2\">Cr\u00e9ations<\/a> | <a href=\"http:\/\/delphinelermite.com\/?page_id=39\" data-type=\"page\" data-id=\"39\">Paysage<\/a><\/p>\n\n\n\n<p>Bourbourg<br \/>2018<\/p>\n<p>R\u00e9sidence de cr\u00e9ation [L&rsquo;Art dans la ville #2]<\/p>\n<hr \/>\n<p>Comment le territoire devient-il paysage ? Comment passer d&rsquo;un lieu qu&rsquo;on habite sans vraiment le voir, fragment\u00e9 par les usages et les <em>habitus<\/em>, \u00e0 un lieu qu&rsquo;on appr\u00e9cie et admire pour ses formes, ses couleurs, ses saillances esth\u00e9tiques ? Ici, Delphine Lermite tente cette <em>artialisation<\/em> du monde &#8211; et du territoire de Bourbourg en particulier.<\/p>\n<p>Fruit de longues d\u00e9ambulations, suivant les lignes circulaires naturelles de Bourbourg et le cours de ses canaux, la photographe met \u00e0 jour les trajectoires, points de fuite et soubresauts du territoire afin d&rsquo;en prendre la mesure et faire advenir le paysage. Chaque image propos\u00e9e devient alors une fen\u00eatre ouverte sur le territoire, perc\u00e9e par le regard de la photographe et des spectateurs, la direction du regard permettant virtuellement d&rsquo;atteindre, \u00e0 vol d&rsquo;oiseau et \u00e0 travers les murs, les lieux photographi\u00e9s.<\/p>\n<p>Ainsi, le paysage advenu par cette <em>verticalisation<\/em> du territoire via le cadrage, s&rsquo;ancre fermement \u00e0 l&rsquo;espace horizontal gr\u00e2ce aux coordonn\u00e9es GPS et \u00e0 la Rose des vents. Cette axonom\u00e9trique <em>x, y<\/em> est ensuite compl\u00e9t\u00e9e par le regard <em>z<\/em> du spectateur qui vient conclure, individuellement, cette tranche d&rsquo;espace-temps.<\/p>\n\t<!-- CSS Part Start From Here-->\r\n\t<style>\r\n\t\t\r\n\t\t.portfolio-wraper {\r\n\t\t\t\t\t\tmargin-bottom:20px;\r\n\t\t}\r\n\t\t.pfg-bootstrap .img-fluid {\r\n\t\t  max-width: 100%;\r\n\t\t  height: auto;\r\n\t\t}\r\n\r\n\t\t.pfg-bootstrap .img-thumbnail {\r\n\t\t  padding: 0.25rem;\r\n\t\t  background-color: #fff;\r\n\r\n\t\t  \t\t  max-width: 100%;\r\n\t\t  height: auto;\r\n\t\t}\r\n\t\t.pfg-bootstrap .img-circle {\r\n\t\t  border-radius: 50%;\r\n\t\t}\r\n\t\t.pfg-bootstrap img {\r\n\t\t -moz-transition: all .2s ease-in-out;\r\n\t\t  -webkit-transition: all .2s ease-in-out;\r\n\t\t  -ms-transition: all .2s ease-in-out;\r\n\t\t  -o-transition: all .2s ease-in-out;\r\n\t\t  transition: all .2s ease-in-out;\r\n\t\t}\r\n\t\t.pfg-bootstrap .thumbnail {\r\n\t\t  display: block;\r\n\t\t  padding: 4px;\r\n\t\t  \/*margin-bottom: 20px;*\/\r\n\t\t  line-height: 1.42857143;\r\n\t\t  background-color: #fff;\r\n\t\t  border: 1px solid #ddd;\r\n\t\t  border-radius: 4px;\r\n\t\t  -webkit-transition: border .2s ease-in-out;\r\n\t\t\t   -o-transition: border .2s ease-in-out;\r\n\t\t\t\t  transition: border .2s ease-in-out;\r\n\t\t}\r\n\t\t.pfg-bootstrap .thumbnail > img,\r\n\t\t.pfg-bootstrap .thumbnail a > img {\r\n\t\t  margin-right: auto;\r\n\t\t  margin-left: auto;\r\n\t\t}\r\n\t\t.pfg-bootstrap a.thumbnail:hover,\r\n\t\t.pfg-bootstrap a.thumbnail:focus,\r\n\t\t.pfg-bootstrap a.thumbnail.active {\r\n\t\t  border-color: #337ab7;\r\n\t\t}\r\n\t\t.pfg-bootstrap .thumbnail .caption {\r\n\t\t  padding: 9px;\r\n\t\t  color: #333;\r\n\t\t}\r\n\r\n\t\tfigure {\r\n\t\t  margin: 0;\r\n\t\t}\r\n\t\timg {\r\n\t\t  vertical-align: middle;\r\n\t\t}\r\n\t\t.pfg-bootstrap .img-responsive,\r\n\t\t.pfg-bootstrap .thumbnail > img,\r\n\t\t.pfg-bootstrap .thumbnail a > img,\r\n\t\t.pfg-bootstrap .carousel-inner > .item > img,\r\n\t\t.pfg-bootstrap .carousel-inner > .item > a > img {\r\n\t\t  display: block;\r\n\t\t  max-width: 100%;\r\n\t\t  height: auto;\r\n\t\t}\r\n\t\t.pfg-bootstrap .img-rounded {\r\n\t\t  border-radius: 6px;\r\n\t\t}\r\n\t\t\r\n\t\t\t\t\tspan.item_desc_308{\r\n\t\t\t\tdisplay:none !important;\r\n\t\t\t}\r\n\t\t\t\tli#all {\r\n\t\t\tmargin: 0;\r\n\t\t}\r\n\t\t\r\n\t\t.simplefilter li {\r\n\t\t\tmargin-top: 5px;\r\n\t\t}\r\n\t\t\r\n\t\t.filtr-search {\r\n\t\t\tmargin-top:10px !important;\r\n\t\t\twidth:200px !important;\r\n\t\t\tmargin-bottom: 20px;\r\n\t\t}\r\n\t\t#all-simplefilter {\r\n\t\t\tdisplay:inline;\r\n\t\t\tpadding-left: 0px !important;\r\n\t\t}\r\n\t\t#f-simplefilter-308 {\r\n\t\t\tdisplay:inline;\r\n\t\t\tpadding-left: 0px !important;\r\n\t\t}\r\n\t\tbutton:hover {\r\n\t\t\tbackground-color: unset !important;\r\n\t\t}\r\n\t\t\r\n\t\t\t\t\r\n\t\t@keyframes .YouTubePopUp-Content  {\r\n\t\t\tfrom {\r\n\t\t\t\ttransform: translate3d(0, 100%, 0);\r\n\t\t\t\tvisibility: visible;\r\n\t\t\t}\r\n\r\n\t\t\tto {\r\n\t\t\t\ttransform: translate3d(0, 0, 0);\r\n\t\t\t}\r\n\t\t}\r\n\r\n\t\t.YouTubePopUp-Content  {\r\n\t\t\tanimation-name: .YouTubePopUp-Content ;\r\n\t\t}\r\n\r\n\t\t.YouTubePopUp-Close { \r\n\t\t\tbackground:url(http:\/\/delphinelermite.com\/wp-content\/plugins\/portfolio-filter-gallery\/\/img\/close-icon-white.png) no-repeat;\r\n\t\t\tbackground-size:50px 50px;\r\n\t\t\t-webkit-background-size:70px 50px;\r\n\t\t\t-moz-background-size:70px 50px;\r\n\t\t\t-o-background-size:70px 50px;\r\n\t\t}\r\n\t\tul.simplefilter {\r\n\t\t\tmargin-left: 0 !important;\r\n\t\t}\r\n\t\t.pfg_img_308 {\r\n\t\t\twidth: 100% !important;\r\n\t\t\theight: 100% !important;\r\n\t\t}\r\n\t\t.filter_gallery_308 > a {\r\n\t\t\tposition: initial !important;\r\n\t\t}\r\n\t\t.thumbnail_308 {\r\n\t\t\twidth:100% !important;\r\n\t\t\theight:auto;\r\n\t\t\tmargin-bottom: 0px !important;\r\n\t\t\t\r\n\t\t}\r\n\t\t.filtr-item {\r\n\t\t\tpadding-right:7px !important;\r\n\t\t\tpadding-left:7px !important;\r\n\t\t\tpadding-top:7px !important;\r\n\t\t\tpadding-bottom:7px !important;\r\n\t\t}\r\n\t\t.filtr-item img {\r\n\t\t\ttransition: all .2s !important\r\n\t\t}\r\n\t\t\t\t\t\t.simplefilter_308 li {\r\n\t\t\tbackground-color: #ccc;\r\n\t\t\tcolor: #ffffff;\r\n\t\t}\r\n\t\t\r\n\t\t.simplefilter_308 li:hover {\r\n\t\t\tbackground-color: #656565 !important;\r\n\t\t}\r\n\t\t\r\n\t\t.simplefilter_308 li.active {\r\n\t\t\tbackground-color: #656565 !important;\r\n\t\t}\r\n\t\t\r\n\t\t\t<\/style>\r\n\t\t<div class=\"portfolio-wraper pfg-bootstrap\" version=\"1.7.0\">\r\n\t\t\t\t<!-- Shuffle & Sort Controls -->\r\n\t\t\t\t\r\n\t\t<div class=\"row loading-wrapper text-center\">\r\n\t\t\t<img decoding=\"async\" src=\"http:\/\/delphinelermite.com\/wp-content\/plugins\/portfolio-filter-gallery\/\/img\/loading-icon.gif\" width=\"60\">\r\n\t\t<\/div>\r\n\t\t<div class=\"filter_gallery_308 row filtr-container filters-div\" style=\"opacity:0; display:none;\">\r\n\t\t\t\t\t\t\t\t<a href=\"http:\/\/delphinelermite.com\/wp-content\/uploads\/2025\/02\/180228-111.jpg\" class=\"pfg-lightbox-all pfg-lightbox-\" data-lightbox=\"pfg-lightbox\"  data-title=\"IN SITU \/ IN VISU (ICI &amp; L\u00c0) | 2018\" data-alt=\"IN SITU \/ IN VISU (ICI &amp; L\u00c0) | 2018\" title=\"IN SITU \/ IN VISU (ICI &amp; L\u00c0) | 2018\">\r\n\t\t\t\t\t\t<div data-category=\"1\" data-sort=\"IN SITU \/ IN VISU (ICI &amp; L\u00c0) | 2018\" class=\"animateonload filtr-item filtr_item_308 single_one col-lg-6 col-md-12 col-sm-12 col-12\">\r\n\t\t\t\t\t\t\t\t\t\t\t\t\t\t\t<img decoding=\"async\" class=\" thumbnail_308 pfg-img pfg_img_308 img-responsive none\" src=\"http:\/\/delphinelermite.com\/wp-content\/uploads\/2025\/02\/180228-111.jpg\" alt=\"\">\r\n\t\t\t\t\t\t\t\t\t\t\t\t\t\t\t\t\t<span class=\"item-desc item_desc_308\">IN SITU \/ IN VISU (ICI &amp; L\u00c0) | 2018<\/span>\r\n\t\t\t\t\t\t\t\t\t\t\t\t\t\t<\/div>\r\n\t\t\t\t\t<\/a>\r\n\t\t\t\t\t\t\t\t\t\t<a href=\"http:\/\/delphinelermite.com\/wp-content\/uploads\/2025\/02\/180227-013.jpg\" class=\"pfg-lightbox-all pfg-lightbox-\" data-lightbox=\"pfg-lightbox\"  data-title=\"IN SITU \/ IN VISU (ICI &amp; L\u00c0) | 2018\" data-alt=\"IN SITU \/ IN VISU (ICI &amp; L\u00c0) | 2018\" title=\"IN SITU \/ IN VISU (ICI &amp; L\u00c0) | 2018\">\r\n\t\t\t\t\t\t<div data-category=\"1\" data-sort=\"IN SITU \/ IN VISU (ICI &amp; L\u00c0) | 2018\" class=\"animateonload filtr-item filtr_item_308 single_one col-lg-6 col-md-12 col-sm-12 col-12\">\r\n\t\t\t\t\t\t\t\t\t\t\t\t\t\t\t<img decoding=\"async\" class=\" thumbnail_308 pfg-img pfg_img_308 img-responsive none\" src=\"http:\/\/delphinelermite.com\/wp-content\/uploads\/2025\/02\/180227-013.jpg\" alt=\"\">\r\n\t\t\t\t\t\t\t\t\t\t\t\t\t\t\t\t\t<span class=\"item-desc item_desc_308\">IN SITU \/ IN VISU (ICI &amp; L\u00c0) | 2018<\/span>\r\n\t\t\t\t\t\t\t\t\t\t\t\t\t\t<\/div>\r\n\t\t\t\t\t<\/a>\r\n\t\t\t\t\t\t\t\t\t\t<a href=\"http:\/\/delphinelermite.com\/wp-content\/uploads\/2025\/02\/180227-001.jpg\" class=\"pfg-lightbox-all pfg-lightbox-\" data-lightbox=\"pfg-lightbox\"  data-title=\"IN SITU \/ IN VISU (ICI &amp; L\u00c0) | 2018\" data-alt=\"IN SITU \/ IN VISU (ICI &amp; L\u00c0) | 2018\" title=\"IN SITU \/ IN VISU (ICI &amp; L\u00c0) | 2018\">\r\n\t\t\t\t\t\t<div data-category=\"1\" data-sort=\"IN SITU \/ IN VISU (ICI &amp; L\u00c0) | 2018\" class=\"animateonload filtr-item filtr_item_308 single_one col-lg-6 col-md-12 col-sm-12 col-12\">\r\n\t\t\t\t\t\t\t\t\t\t\t\t\t\t\t<img decoding=\"async\" class=\" thumbnail_308 pfg-img pfg_img_308 img-responsive none\" src=\"http:\/\/delphinelermite.com\/wp-content\/uploads\/2025\/02\/180227-001.jpg\" alt=\"\">\r\n\t\t\t\t\t\t\t\t\t\t\t\t\t\t\t\t\t<span class=\"item-desc item_desc_308\">IN SITU \/ IN VISU (ICI &amp; L\u00c0) | 2018<\/span>\r\n\t\t\t\t\t\t\t\t\t\t\t\t\t\t<\/div>\r\n\t\t\t\t\t<\/a>\r\n\t\t\t\t\t\t\t\t\t\t<a href=\"http:\/\/delphinelermite.com\/wp-content\/uploads\/2025\/02\/180227-021.jpg\" class=\"pfg-lightbox-all pfg-lightbox-\" data-lightbox=\"pfg-lightbox\"  data-title=\"IN SITU \/ IN VISU (ICI &amp; L\u00c0) | 2018\" data-alt=\"IN SITU \/ IN VISU (ICI &amp; L\u00c0) | 2018\" title=\"IN SITU \/ IN VISU (ICI &amp; L\u00c0) | 2018\">\r\n\t\t\t\t\t\t<div data-category=\"1\" data-sort=\"IN SITU \/ IN VISU (ICI &amp; L\u00c0) | 2018\" class=\"animateonload filtr-item filtr_item_308 single_one col-lg-6 col-md-12 col-sm-12 col-12\">\r\n\t\t\t\t\t\t\t\t\t\t\t\t\t\t\t<img decoding=\"async\" class=\" thumbnail_308 pfg-img pfg_img_308 img-responsive none\" src=\"http:\/\/delphinelermite.com\/wp-content\/uploads\/2025\/02\/180227-021.jpg\" alt=\"\">\r\n\t\t\t\t\t\t\t\t\t\t\t\t\t\t\t\t\t<span class=\"item-desc item_desc_308\">IN SITU \/ IN VISU (ICI &amp; L\u00c0) | 2018<\/span>\r\n\t\t\t\t\t\t\t\t\t\t\t\t\t\t<\/div>\r\n\t\t\t\t\t<\/a>\r\n\t\t\t\t\t\t\t\t\t\t<a href=\"http:\/\/delphinelermite.com\/wp-content\/uploads\/2025\/02\/180228-008.jpg\" class=\"pfg-lightbox-all pfg-lightbox-\" data-lightbox=\"pfg-lightbox\"  data-title=\"IN SITU \/ IN VISU (ICI &amp; L\u00c0) | 2018\" data-alt=\"IN SITU \/ IN VISU (ICI &amp; L\u00c0) | 2018\" title=\"IN SITU \/ IN VISU (ICI &amp; L\u00c0) | 2018\">\r\n\t\t\t\t\t\t<div data-category=\"1\" data-sort=\"IN SITU \/ IN VISU (ICI &amp; L\u00c0) | 2018\" class=\"animateonload filtr-item filtr_item_308 single_one col-lg-6 col-md-12 col-sm-12 col-12\">\r\n\t\t\t\t\t\t\t\t\t\t\t\t\t\t\t<img decoding=\"async\" class=\" thumbnail_308 pfg-img pfg_img_308 img-responsive none\" src=\"http:\/\/delphinelermite.com\/wp-content\/uploads\/2025\/02\/180228-008.jpg\" alt=\"\">\r\n\t\t\t\t\t\t\t\t\t\t\t\t\t\t\t\t\t<span class=\"item-desc item_desc_308\">IN SITU \/ IN VISU (ICI &amp; L\u00c0) | 2018<\/span>\r\n\t\t\t\t\t\t\t\t\t\t\t\t\t\t<\/div>\r\n\t\t\t\t\t<\/a>\r\n\t\t\t\t\t\t\t\t\t\t<a href=\"http:\/\/delphinelermite.com\/wp-content\/uploads\/2025\/02\/180227-039.jpg\" class=\"pfg-lightbox-all pfg-lightbox-\" data-lightbox=\"pfg-lightbox\"  data-title=\"IN SITU \/ IN VISU (ICI &amp; L\u00c0) | 2018\" data-alt=\"IN SITU \/ IN VISU (ICI &amp; L\u00c0) | 2018\" title=\"IN SITU \/ IN VISU (ICI &amp; L\u00c0) | 2018\">\r\n\t\t\t\t\t\t<div data-category=\"1\" data-sort=\"IN SITU \/ IN VISU (ICI &amp; L\u00c0) | 2018\" class=\"animateonload filtr-item filtr_item_308 single_one col-lg-6 col-md-12 col-sm-12 col-12\">\r\n\t\t\t\t\t\t\t\t\t\t\t\t\t\t\t<img decoding=\"async\" class=\" thumbnail_308 pfg-img pfg_img_308 img-responsive none\" src=\"http:\/\/delphinelermite.com\/wp-content\/uploads\/2025\/02\/180227-039.jpg\" alt=\"\">\r\n\t\t\t\t\t\t\t\t\t\t\t\t\t\t\t\t\t<span class=\"item-desc item_desc_308\">IN SITU \/ IN VISU (ICI &amp; L\u00c0) | 2018<\/span>\r\n\t\t\t\t\t\t\t\t\t\t\t\t\t\t<\/div>\r\n\t\t\t\t\t<\/a>\r\n\t\t\t\t\t\t\t\t\t\t<a href=\"http:\/\/delphinelermite.com\/wp-content\/uploads\/2025\/02\/180228-034.jpg\" class=\"pfg-lightbox-all pfg-lightbox-\" data-lightbox=\"pfg-lightbox\"  data-title=\"IN SITU \/ IN VISU (ICI &amp; L\u00c0) | 2018\" data-alt=\"IN SITU \/ IN VISU (ICI &amp; L\u00c0) | 2018\" title=\"IN SITU \/ IN VISU (ICI &amp; L\u00c0) | 2018\">\r\n\t\t\t\t\t\t<div data-category=\"1\" data-sort=\"IN SITU \/ IN VISU (ICI &amp; L\u00c0) | 2018\" class=\"animateonload filtr-item filtr_item_308 single_one col-lg-6 col-md-12 col-sm-12 col-12\">\r\n\t\t\t\t\t\t\t\t\t\t\t\t\t\t\t<img decoding=\"async\" class=\" thumbnail_308 pfg-img pfg_img_308 img-responsive none\" src=\"http:\/\/delphinelermite.com\/wp-content\/uploads\/2025\/02\/180228-034.jpg\" alt=\"\">\r\n\t\t\t\t\t\t\t\t\t\t\t\t\t\t\t\t\t<span class=\"item-desc item_desc_308\">IN SITU \/ IN VISU (ICI &amp; L\u00c0) | 2018<\/span>\r\n\t\t\t\t\t\t\t\t\t\t\t\t\t\t<\/div>\r\n\t\t\t\t\t<\/a>\r\n\t\t\t\t\t\t\t\t\t\t<a href=\"http:\/\/delphinelermite.com\/wp-content\/uploads\/2025\/02\/180228-003.jpg\" class=\"pfg-lightbox-all pfg-lightbox-\" data-lightbox=\"pfg-lightbox\"  data-title=\"IN SITU \/ IN VISU (ICI &amp; L\u00c0) | 2018\" data-alt=\"IN SITU \/ IN VISU (ICI &amp; L\u00c0) | 2018\" title=\"IN SITU \/ IN VISU (ICI &amp; L\u00c0) | 2018\">\r\n\t\t\t\t\t\t<div data-category=\"1\" data-sort=\"IN SITU \/ IN VISU (ICI &amp; L\u00c0) | 2018\" class=\"animateonload filtr-item filtr_item_308 single_one col-lg-6 col-md-12 col-sm-12 col-12\">\r\n\t\t\t\t\t\t\t\t\t\t\t\t\t\t\t<img decoding=\"async\" class=\" thumbnail_308 pfg-img pfg_img_308 img-responsive none\" src=\"http:\/\/delphinelermite.com\/wp-content\/uploads\/2025\/02\/180228-003.jpg\" alt=\"\">\r\n\t\t\t\t\t\t\t\t\t\t\t\t\t\t\t\t\t<span class=\"item-desc item_desc_308\">IN SITU \/ IN VISU (ICI &amp; L\u00c0) | 2018<\/span>\r\n\t\t\t\t\t\t\t\t\t\t\t\t\t\t<\/div>\r\n\t\t\t\t\t<\/a>\r\n\t\t\t\t\t\t\t\t\t\t<a href=\"http:\/\/delphinelermite.com\/wp-content\/uploads\/2025\/02\/180227-055.jpg\" class=\"pfg-lightbox-all pfg-lightbox-\" data-lightbox=\"pfg-lightbox\"  data-title=\"IN SITU \/ IN VISU (ICI &amp; L\u00c0) | 2018\" data-alt=\"IN SITU \/ IN VISU (ICI &amp; L\u00c0) | 2018\" title=\"IN SITU \/ IN VISU (ICI &amp; L\u00c0) | 2018\">\r\n\t\t\t\t\t\t<div data-category=\"1\" data-sort=\"IN SITU \/ IN VISU (ICI &amp; L\u00c0) | 2018\" class=\"animateonload filtr-item filtr_item_308 single_one col-lg-6 col-md-12 col-sm-12 col-12\">\r\n\t\t\t\t\t\t\t\t\t\t\t\t\t\t\t<img decoding=\"async\" class=\" thumbnail_308 pfg-img pfg_img_308 img-responsive none\" src=\"http:\/\/delphinelermite.com\/wp-content\/uploads\/2025\/02\/180227-055.jpg\" alt=\"\">\r\n\t\t\t\t\t\t\t\t\t\t\t\t\t\t\t\t\t<span class=\"item-desc item_desc_308\">IN SITU \/ IN VISU (ICI &amp; L\u00c0) | 2018<\/span>\r\n\t\t\t\t\t\t\t\t\t\t\t\t\t\t<\/div>\r\n\t\t\t\t\t<\/a>\r\n\t\t\t\t\t\t\t\t\t\t<a href=\"http:\/\/delphinelermite.com\/wp-content\/uploads\/2025\/02\/180228-092.jpg\" class=\"pfg-lightbox-all pfg-lightbox-\" data-lightbox=\"pfg-lightbox\"  data-title=\"IN SITU \/ IN VISU (ICI &amp; L\u00c0) | 2018\" data-alt=\"IN SITU \/ IN VISU (ICI &amp; L\u00c0) | 2018\" title=\"IN SITU \/ IN VISU (ICI &amp; L\u00c0) | 2018\">\r\n\t\t\t\t\t\t<div data-category=\"1\" data-sort=\"IN SITU \/ IN VISU (ICI &amp; L\u00c0) | 2018\" class=\"animateonload filtr-item filtr_item_308 single_one col-lg-6 col-md-12 col-sm-12 col-12\">\r\n\t\t\t\t\t\t\t\t\t\t\t\t\t\t\t<img decoding=\"async\" class=\" thumbnail_308 pfg-img pfg_img_308 img-responsive none\" src=\"http:\/\/delphinelermite.com\/wp-content\/uploads\/2025\/02\/180228-092.jpg\" alt=\"\">\r\n\t\t\t\t\t\t\t\t\t\t\t\t\t\t\t\t\t<span class=\"item-desc item_desc_308\">IN SITU \/ IN VISU (ICI &amp; L\u00c0) | 2018<\/span>\r\n\t\t\t\t\t\t\t\t\t\t\t\t\t\t<\/div>\r\n\t\t\t\t\t<\/a>\r\n\t\t\t\t\t\t\t\t\t\t<a href=\"http:\/\/delphinelermite.com\/wp-content\/uploads\/2025\/02\/180228-045.jpg\" class=\"pfg-lightbox-all pfg-lightbox-\" data-lightbox=\"pfg-lightbox\"  data-title=\"IN SITU \/ IN VISU (ICI &amp; L\u00c0) | 2018\" data-alt=\"IN SITU \/ IN VISU (ICI &amp; L\u00c0) | 2018\" title=\"IN SITU \/ IN VISU (ICI &amp; L\u00c0) | 2018\">\r\n\t\t\t\t\t\t<div data-category=\"1\" data-sort=\"IN SITU \/ IN VISU (ICI &amp; L\u00c0) | 2018\" class=\"animateonload filtr-item filtr_item_308 single_one col-lg-6 col-md-12 col-sm-12 col-12\">\r\n\t\t\t\t\t\t\t\t\t\t\t\t\t\t\t<img decoding=\"async\" class=\" thumbnail_308 pfg-img pfg_img_308 img-responsive none\" src=\"http:\/\/delphinelermite.com\/wp-content\/uploads\/2025\/02\/180228-045.jpg\" alt=\"\">\r\n\t\t\t\t\t\t\t\t\t\t\t\t\t\t\t\t\t<span class=\"item-desc item_desc_308\">IN SITU \/ IN VISU (ICI &amp; L\u00c0) | 2018<\/span>\r\n\t\t\t\t\t\t\t\t\t\t\t\t\t\t<\/div>\r\n\t\t\t\t\t<\/a>\r\n\t\t\t\t\t\t\t\t\t\t<a href=\"http:\/\/delphinelermite.com\/wp-content\/uploads\/2025\/02\/180228-142.jpg\" class=\"pfg-lightbox-all pfg-lightbox-\" data-lightbox=\"pfg-lightbox\"  data-title=\"IN SITU \/ IN VISU (ICI &amp; L\u00c0) | 2018\" data-alt=\"IN SITU \/ IN VISU (ICI &amp; L\u00c0) | 2018\" title=\"IN SITU \/ IN VISU (ICI &amp; L\u00c0) | 2018\">\r\n\t\t\t\t\t\t<div data-category=\"1\" data-sort=\"IN SITU \/ IN VISU (ICI &amp; L\u00c0) | 2018\" class=\"animateonload filtr-item filtr_item_308 single_one col-lg-6 col-md-12 col-sm-12 col-12\">\r\n\t\t\t\t\t\t\t\t\t\t\t\t\t\t\t<img decoding=\"async\" class=\" thumbnail_308 pfg-img pfg_img_308 img-responsive none\" src=\"http:\/\/delphinelermite.com\/wp-content\/uploads\/2025\/02\/180228-142.jpg\" alt=\"\">\r\n\t\t\t\t\t\t\t\t\t\t\t\t\t\t\t\t\t<span class=\"item-desc item_desc_308\">IN SITU \/ IN VISU (ICI &amp; L\u00c0) | 2018<\/span>\r\n\t\t\t\t\t\t\t\t\t\t\t\t\t\t<\/div>\r\n\t\t\t\t\t<\/a>\r\n\t\t\t\t\t\t\t\t\t\t<a href=\"http:\/\/delphinelermite.com\/wp-content\/uploads\/2025\/02\/180228-117.jpg\" class=\"pfg-lightbox-all pfg-lightbox-\" data-lightbox=\"pfg-lightbox\"  data-title=\"IN SITU \/ IN VISU (ICI &amp; L\u00c0) | 2018\" data-alt=\"IN SITU \/ IN VISU (ICI &amp; L\u00c0) | 2018\" title=\"IN SITU \/ IN VISU (ICI &amp; L\u00c0) | 2018\">\r\n\t\t\t\t\t\t<div data-category=\"1\" data-sort=\"IN SITU \/ IN VISU (ICI &amp; L\u00c0) | 2018\" class=\"animateonload filtr-item filtr_item_308 single_one col-lg-6 col-md-12 col-sm-12 col-12\">\r\n\t\t\t\t\t\t\t\t\t\t\t\t\t\t\t<img decoding=\"async\" class=\" thumbnail_308 pfg-img pfg_img_308 img-responsive none\" src=\"http:\/\/delphinelermite.com\/wp-content\/uploads\/2025\/02\/180228-117.jpg\" alt=\"\">\r\n\t\t\t\t\t\t\t\t\t\t\t\t\t\t\t\t\t<span class=\"item-desc item_desc_308\">IN SITU \/ IN VISU (ICI &amp; L\u00c0) | 2018<\/span>\r\n\t\t\t\t\t\t\t\t\t\t\t\t\t\t<\/div>\r\n\t\t\t\t\t<\/a>\r\n\t\t\t\t\t\t\t\t\t\t<a href=\"http:\/\/delphinelermite.com\/wp-content\/uploads\/2025\/02\/180228-127.jpg\" class=\"pfg-lightbox-all pfg-lightbox-\" data-lightbox=\"pfg-lightbox\"  data-title=\"IN SITU \/ IN VISU (ICI &amp; L\u00c0) | 2018\" data-alt=\"IN SITU \/ IN VISU (ICI &amp; L\u00c0) | 2018\" title=\"IN SITU \/ IN VISU (ICI &amp; L\u00c0) | 2018\">\r\n\t\t\t\t\t\t<div data-category=\"1\" data-sort=\"IN SITU \/ IN VISU (ICI &amp; L\u00c0) | 2018\" class=\"animateonload filtr-item filtr_item_308 single_one col-lg-6 col-md-12 col-sm-12 col-12\">\r\n\t\t\t\t\t\t\t\t\t\t\t\t\t\t\t<img decoding=\"async\" class=\" thumbnail_308 pfg-img pfg_img_308 img-responsive none\" src=\"http:\/\/delphinelermite.com\/wp-content\/uploads\/2025\/02\/180228-127.jpg\" alt=\"\">\r\n\t\t\t\t\t\t\t\t\t\t\t\t\t\t\t\t\t<span class=\"item-desc item_desc_308\">IN SITU \/ IN VISU (ICI &amp; L\u00c0) | 2018<\/span>\r\n\t\t\t\t\t\t\t\t\t\t\t\t\t\t<\/div>\r\n\t\t\t\t\t<\/a>\r\n\t\t\t\t\t\t\t<\/div>\r\n\t<\/div>\r\n<script>\r\n\r\nsetTimeout(function () {\r\n\tjQuery(\".thumbnail_308\").each(function(){\r\n\t\t\/\/ console.log(jQuery(this).width() + \"x\" + jQuery(this).height())\r\n\t\tvar h = jQuery(this).height();\r\n\t\tvar w = jQuery(this).width();\r\n\t\tjQuery(this).height(h);\r\n\t\tjQuery(this).width(w);\r\n\t\tjQuery(this).resize();\r\n\t});\r\n}, 2500);\r\n\r\njQuery(document).ready(function (jQuery) {\r\n    jQuery('.filtr-item').addClass('animateonload');\r\n    jQuery('#filter_gallery_308').show();\r\n    jQuery('.loading-wrapper').hide();\r\n    jQuery(\".loader_img\").hide();\r\n    jQuery(\".lg_load_more\").show();\r\n    jQuery(\".filtr-container\").css(\"opacity\", 1);\r\n\r\n    \/\/ Define Filterizr Default Options\r\n    const options = {\r\n        animationDuration: 0.5,\r\n        callbacks: {\r\n            onFilteringStart: function() {\r\n                \/\/ Apply sorting shortly after filtering starts\r\n                setTimeout(function() {\r\n                                    }, 50);\r\n            },\r\n            onFilteringEnd: function() {\r\n                \/\/ Apply sorting shortly after filtering ends\r\n                setTimeout(function() {\r\n                                    }, 50);\r\n            },\r\n            onShufflingStart: function() { },\r\n            onShufflingEnd: function() { },\r\n            onSortingStart: function() { },\r\n            onSortingEnd: function() { }\r\n        },\r\n        controlsSelector: '.filtr-controls-308',\r\n        filter: 'all',\r\n        filterOutCss: {\r\n            top: '0px',\r\n            left: '0px',\r\n            opacity: 0.001,\r\n            transform: ''\r\n        },\r\n        filterInCss: {\r\n            top: '0px',\r\n            left: '0px',\r\n            opacity: 1,\r\n            transform: ''\r\n        },\r\n        layout: 'sameWidth',\r\n        selector: '.filtr-item',\r\n        setupControls: false\r\n    };\r\n\r\n    \/\/ Initialize Filterizr and ensure it is globally accessible\r\n    window.filterizd = jQuery('.filter_gallery_308').filterizr(options);\r\n\r\n    jQuery('.filter_gallery_308').imagesLoaded(function() {\r\n        \/\/ Reapply sorting after initial load\r\n        \r\n        \/\/ Resize handling\r\n        jQuery(window).resize(function() {\r\n            jQuery(\".thumbnail_308\").each(function() {\r\n                var h = jQuery(this).height();\r\n                var w = jQuery(this).width();\r\n                jQuery(this).height(h);\r\n                jQuery(this).width(w);\r\n            });\r\n\r\n            \/\/ Reapply sorting after resizing\r\n                    });\r\n    });\r\n\r\n\t\t\r\n\t\t\/\/bootstrap-lightbox-js\r\n\t\t\/\/ delegate calls to data-toggle=\"lightbox\"\r\n\t\tdocument.addEventListener('DOMContentLoaded', (event) => {\r\n            document.querySelectorAll('.my-lightbox-toggle').forEach((el) => {\r\n                el.addEventListener('click', (e) => {\r\n                    e.preventDefault();\r\n\r\n                    const options = {\r\n                        keyboard: true,\r\n                        size: 'fullscreen'\r\n                    };\r\n\r\n                    \/\/ Assuming Lightbox is a constructor from the included library\r\n                    \/\/ Check if the Lightbox class or function exists\r\n                    if (typeof Lightbox !== 'undefined') {\r\n                        const lightbox = new Lightbox(el, options);\r\n                        lightbox.show();\r\n                    } else {\r\n                        console.error('Lightbox library is not loaded.');\r\n                    }\r\n                });\r\n            });\r\n        });\r\n\t\t\t\tjQuery('.filtr-control-308 [data-filter]').click(function() {\r\n\t\t\t\/\/jQuery('.swiper-308').swipebox('swipebox-destroy');\r\n\t\t\tvar targetFilter = jQuery(this).data('filter');\r\n\t\t\tvar lighbox_class_name = \"pfg-lightbox-\" + targetFilter;\r\n\t\t\tjQuery('.pfg-lightbox-' + targetFilter ).attr('data-lightbox', lighbox_class_name); \/\/ add data filter for parent filters\r\n\t\t});\r\n\t\t\r\n\t\t\r\n\t\/\/ video player\r\n\tjQuery(function(){\r\n      jQuery(\"a.video-box-308\").YouTubePopUp( { autoplay: 0 } ); \/\/ Disable autoplay\r\n\t});\r\n\t\r\n});   \r\n<\/script>\n<hr \/>\n<p>Liens :<br \/>Exposition : <a href=\"http:\/\/delphinelermite.com\/?page_id=696\">L&rsquo;Art dans la ville #2<\/a><br \/>\u00c9dition : <a href=\"http:\/\/delphinelermite.com\/?page_id=994\">IN SITU \/ IN VISU <em>(ICI &amp; L\u00c0)<\/em><\/a><\/p>\n<hr \/>\n<p>Remerciements :<br \/><a href=\"https:\/\/www.ciac-bourbourg.fr\/\" target=\"_blank\" rel=\"noreferrer noopener\">Chantal Athan\u00e9<\/a>, Annabelle Maes.<\/p>\n\n\n\n\n\n\n","protected":false},"excerpt":{"rendered":"","protected":false},"author":1,"featured_media":0,"parent":39,"menu_order":0,"comment_status":"closed","ping_status":"closed","template":"","meta":{"footnotes":""},"class_list":["post-134","page","type-page","status-publish","hentry"],"_links":{"self":[{"href":"http:\/\/delphinelermite.com\/index.php?rest_route=\/wp\/v2\/pages\/134","targetHints":{"allow":["GET"]}}],"collection":[{"href":"http:\/\/delphinelermite.com\/index.php?rest_route=\/wp\/v2\/pages"}],"about":[{"href":"http:\/\/delphinelermite.com\/index.php?rest_route=\/wp\/v2\/types\/page"}],"author":[{"embeddable":true,"href":"http:\/\/delphinelermite.com\/index.php?rest_route=\/wp\/v2\/users\/1"}],"replies":[{"embeddable":true,"href":"http:\/\/delphinelermite.com\/index.php?rest_route=%2Fwp%2Fv2%2Fcomments&post=134"}],"version-history":[{"count":8,"href":"http:\/\/delphinelermite.com\/index.php?rest_route=\/wp\/v2\/pages\/134\/revisions"}],"predecessor-version":[{"id":1011,"href":"http:\/\/delphinelermite.com\/index.php?rest_route=\/wp\/v2\/pages\/134\/revisions\/1011"}],"up":[{"embeddable":true,"href":"http:\/\/delphinelermite.com\/index.php?rest_route=\/wp\/v2\/pages\/39"}],"wp:attachment":[{"href":"http:\/\/delphinelermite.com\/index.php?rest_route=%2Fwp%2Fv2%2Fmedia&parent=134"}],"curies":[{"name":"wp","href":"https:\/\/api.w.org\/{rel}","templated":true}]}}